{"id":69,"date":"2018-11-04T12:49:54","date_gmt":"2018-11-04T12:49:54","guid":{"rendered":"http:\/\/bsv-hevensen.de\/?page_id=69"},"modified":"2018-11-04T12:51:34","modified_gmt":"2018-11-04T12:51:34","slug":"25-jahre","status":"publish","type":"page","link":"https:\/\/hevensen-pioneers.de\/?page_id=69","title":{"rendered":"25 Jahre"},"content":{"rendered":"<p><strong><span style=\"font-family: verdana, geneva, sans-serif; font-size: 14pt;\">25 Jahre Hevensen Pioneers<\/span><\/strong><\/p>\n<p><span style=\"font-family: verdana, geneva, sans-serif; font-size: 12pt;\">Am 17. April 1990 wurde der Verein im Gasthaus &#8222;Zur Linde&#8220; in Hevensen gegr\u00fcndet. Seither sind 25 Jahre vergangen. Viele Erfolge konnten errungen werden. Aber es mussten auch viele Tiefschl\u00e4ge hingenommen werden. Alles zusammengenommen: Ein Grund zum feiern..<\/span><\/p>\n<p><img loading=\"lazy\" decoding=\"async\" class=\"alignnone size-full wp-image-72\" src=\"http:\/\/bsv-hevensen.de\/wp-content\/uploads\/2018\/11\/sf2015-4.jpg\" alt=\"\" width=\"900\" height=\"600\" srcset=\"https:\/\/hevensen-pioneers.de\/wp-content\/uploads\/2018\/11\/sf2015-4.jpg 900w, https:\/\/hevensen-pioneers.de\/wp-content\/uploads\/2018\/11\/sf2015-4-300x200.jpg 300w, https:\/\/hevensen-pioneers.de\/wp-content\/uploads\/2018\/11\/sf2015-4-768x512.jpg 768w\" sizes=\"auto, (max-width: 900px) 100vw, 900px\" \/><\/p>\n<p><span style=\"font-family: verdana, geneva, sans-serif; font-size: 12pt;\"><strong>24. &#8211; 26. Juli :: 25. Sommerturnier [mit LiveRockparty im Festzelt]<\/strong><\/span><\/p>\n<p><span style=\"font-family: verdana, geneva, sans-serif;\">Und es wurde gefeiert. Rund 400 Partyg\u00e4ste trotzen dem wohl bis heute gr\u00f6\u00dften Sommerorkan. Das Zelt bebte und SWAGGER gab alles. Heute sind wir froh, dass wir die Party nicht abgesagt haben. Und Softball wurde auch gespielt. Alle 20 angesetzten Partien konnten trotz teilweise heftigen Wetterbedingungen gespielt werden. Der Warsteiner-Cup ging erstmals nach Soest. Die Titan-Nics konnten sich in einem hochklassigen Finale gegen Titelverteidiger Lufthansa Frankfurt durchsetzen.\u00a0<\/span><\/p>\n","protected":false},"excerpt":{"rendered":"<div class=\"mh-excerpt\"><p>25 Jahre Hevensen Pioneers Am 17. April 1990 wurde der Verein im Gasthaus &#8222;Zur Linde&#8220; <a class=\"mh-excerpt-more\" href=\"https:\/\/hevensen-pioneers.de\/?page_id=69\" title=\"25 Jahre\">[&#8230;]<\/a><\/p>\n<\/div>","protected":false},"author":1,"featured_media":0,"parent":0,"menu_order":0,"comment_status":"closed","ping_status":"closed","template":"","meta":{"footnotes":""},"class_list":["post-69","page","type-page","status-publish","hentry"],"_links":{"self":[{"href":"https:\/\/hevensen-pioneers.de\/index.php?rest_route=\/wp\/v2\/pages\/69","targetHints":{"allow":["GET"]}}],"collection":[{"href":"https:\/\/hevensen-pioneers.de\/index.php?rest_route=\/wp\/v2\/pages"}],"about":[{"href":"https:\/\/hevensen-pioneers.de\/index.php?rest_route=\/wp\/v2\/types\/page"}],"author":[{"embeddable":true,"href":"https:\/\/hevensen-pioneers.de\/index.php?rest_route=\/wp\/v2\/users\/1"}],"replies":[{"embeddable":true,"href":"https:\/\/hevensen-pioneers.de\/index.php?rest_route=%2Fwp%2Fv2%2Fcomments&post=69"}],"version-history":[{"count":3,"href":"https:\/\/hevensen-pioneers.de\/index.php?rest_route=\/wp\/v2\/pages\/69\/revisions"}],"predecessor-version":[{"id":73,"href":"https:\/\/hevensen-pioneers.de\/index.php?rest_route=\/wp\/v2\/pages\/69\/revisions\/73"}],"wp:attachment":[{"href":"https:\/\/hevensen-pioneers.de\/index.php?rest_route=%2Fwp%2Fv2%2Fmedia&parent=69"}],"curies":[{"name":"wp","href":"https:\/\/api.w.org\/{rel}","templated":true}]}}