{"id":416,"date":"2026-03-15T12:02:30","date_gmt":"2026-03-15T12:02:30","guid":{"rendered":"https:\/\/hevensen-pioneers.de\/?page_id=416"},"modified":"2026-03-15T12:03:01","modified_gmt":"2026-03-15T12:03:01","slug":"ehrungen-und-sorgenkind-spielfelder","status":"publish","type":"page","link":"https:\/\/hevensen-pioneers.de\/?page_id=416","title":{"rendered":"Ehrungen und \u201eSorgenkind\u201c Spielfelder"},"content":{"rendered":"<p><span style=\"font-size: 12pt;\"><strong><span style=\"font-family: verdana, geneva, sans-serif;\">Im Mittelpunkt der 35. Jahreshauptversammlung des BSV Hevensen 1990 e. V. am Freitag (13.03.) standen neben den Jahresberichten auch Ehrungen. Patrick Korengel, Heinz Lehmann und Henning Ropeter wurden im Rahmen der Versammlung mit der Ehrennadel des Vereins ausgezeichnet. Der Vorstand gab einen Sachstandsbericht \u00fcber die vereinseigenen Spielfelder ab. Die Spielfelder befinden sich erneut in einem schlechten Zustand.\u00a0 Positiv konnte \u00fcber die Finanzen und die aktuell angelaufene Nachwuchsarbeit berichtet werden.<\/span><\/strong><\/span><\/p>\n<p><span style=\"font-family: verdana, geneva, sans-serif; font-size: 12pt;\">Die Jahresr\u00fcckblicke fielen \u00fcberwiegend positiv aus. Torsten Henne gab seine Jahresberichte als Vorsitzender ab. Dieser hatte in erster Linie Organisatorisches zum Inhalt. Auch \u00fcber die erfolgreiche Organisation und Durchf\u00fchrung des 33. Sommerturniers berichtete Henne. Der Vorsitzende dankte den Mitgliedern und den befreundeten Vereinen sowie den Sponsoren f\u00fcr die Unterst\u00fctzung. Negativ zu berichten war, dass nach wie vor kein Team am Ligabetrieb teilnimmt. \u00a0<\/span><\/p>\n<p><span style=\"font-family: verdana, geneva, sans-serif; font-size: 12pt;\"><strong>Entwicklung im Mixed Softball weiterhin positiv<\/strong><\/span><\/p>\n<p><span style=\"font-family: verdana, geneva, sans-serif; font-size: 12pt;\">\u00dcber die anhaltende positive Entwicklung des Mixed Softballteams berichtete Stephanie Schneider. Das Team besteht aus knapp 20 Spielerinnen und Spielern. Das Team trainierte die gesamte Saison regelm\u00e4\u00dfig. Das Mixed-Team nahm an Turnieren teil und absolvierte einige Freundschaftsspiele. F\u00fcrs Training ist weiterhin Maik Lehmann verantwortlich. Das Softballteam beteiligt sich engagiert am Vereinsleben berichtete Stephanie Schneider weiter. F\u00fcr das laufende Jahr sollen wieder Freundschaftsspiele vereinbart werden. Au\u00dferdem sind Turnierteilnahmen geplant.<\/span><\/p>\n<p><span style=\"font-family: verdana, geneva, sans-serif; font-size: 12pt;\"><strong>Solide Finanzen<\/strong><\/span><\/p>\n<p><span style=\"font-family: verdana, geneva, sans-serif; font-size: 12pt;\">Schatzmeisterin Stephanie Schneider erl\u00e4uterte die Kassenlage des Vereins. Sie stellte die Kassenbericht 2025 umfassend vor. Der BSV steht finanziell weiterhin auf gesunden F\u00fc\u00dfen. Gr\u00f6\u00dfte Posten bei den Ausgaben waren die Anschaffung eines Stiga-Aufsitzm\u00e4hers sowie einer 3-t Walze. Au\u00dferdem flossen wieder beachtliche Mittel in die Platzunterhaltung. Eine umfassende Sanierung ist weiter in Planung.<\/span><\/p>\n<p><span style=\"font-family: verdana, geneva, sans-serif; font-size: 12pt;\"><strong>25 Jahre im Verein<\/strong><\/span><\/p>\n<p><span style=\"font-family: verdana, geneva, sans-serif; font-size: 12pt;\">In diesem Jahr standen wieder Ehrungen an. 25 Jahre Mitglied im Verein sind Patrick Korengel. Heinz Lehmann, Arne Mennerich und Sven Woltmann. Torsten Henne \u00fcberreichte an Patrick Korengel und Heinz Lehmann die Ehrennadel des Vereins. Henning Ropeter kam die Ehrung nachtr\u00e4glich zuteil, da er bei der letzten Hauptversammlung nicht dabei sein konnte.<\/span><\/p>\n<p><span style=\"font-family: verdana, geneva, sans-serif; font-size: 12pt;\"><strong>Sorgenkind: Spielfelder<\/strong><\/span><\/p>\n<p><span style=\"font-family: verdana, geneva, sans-serif; font-size: 12pt;\">Der Verein betreibt seit 2004 seine eigene Sportanlage. Auf 10.000 qm befinden sich zwei Spielfelder. Der \u00fcberwiegende Teil besteht aus Rasen. Dieser befindet sich nach einer aufw\u00e4ndigen Sanierung im Jahr 2020 erneut in einem schlechten Zustand. W\u00fchlm\u00e4use und Maulw\u00fcrfe haben hier \u201eganze Arbeit\u201c geleistet. Aktuell steht man erneut vor einer Sanierung. Was diese am Ende kosten wird, steht noch nicht fest. Aktuell wurde die Fl\u00e4che mit einem sog. Planiermeister von einem Fachbetrieb aufgearbeitet. Eine Arbeitsgruppe wird das weitere Vorgehen festlegen.<\/span><\/p>\n<p><span style=\"font-family: verdana, geneva, sans-serif; font-size: 12pt;\"><strong>Summerfun Turnier mit 8 Teams<\/strong><\/span><\/p>\n<p><span style=\"font-family: verdana, geneva, sans-serif; font-size: 12pt;\">Das traditionelle Sommerturnier (Summerfun) findet in diesem Jahr vom 31. Juli bis 02. August statt. Acht Teams aus dem gesamten Bundesgebiet u. a. aus Berin, Hamburg, Frankfurt und Soest, werden dabei sein. Als Rahmenprogramm findet am 01.08. wieder eine \u00dc30-Open-Air-Party mit \u201eDJ JP &amp; Team\u201c statt. Die Vorrundenspiele starten am Samstag um 9:00 Uhr. Weiter geht\u2019s am Sonntag mit der Finalrunde.<\/span><\/p>\n<p>&nbsp;<\/p>\n<p>&nbsp;<\/p>\n","protected":false},"excerpt":{"rendered":"<div class=\"mh-excerpt\"><p>Im Mittelpunkt der 35. Jahreshauptversammlung des BSV Hevensen 1990 e. V. am Freitag (13.03.) standen <a class=\"mh-excerpt-more\" href=\"https:\/\/hevensen-pioneers.de\/?page_id=416\" title=\"Ehrungen und \u201eSorgenkind\u201c Spielfelder\">[&#8230;]<\/a><\/p>\n<\/div>","protected":false},"author":1,"featured_media":0,"parent":0,"menu_order":0,"comment_status":"closed","ping_status":"closed","template":"","meta":{"footnotes":""},"class_list":["post-416","page","type-page","status-publish","hentry"],"_links":{"self":[{"href":"https:\/\/hevensen-pioneers.de\/index.php?rest_route=\/wp\/v2\/pages\/416","targetHints":{"allow":["GET"]}}],"collection":[{"href":"https:\/\/hevensen-pioneers.de\/index.php?rest_route=\/wp\/v2\/pages"}],"about":[{"href":"https:\/\/hevensen-pioneers.de\/index.php?rest_route=\/wp\/v2\/types\/page"}],"author":[{"embeddable":true,"href":"https:\/\/hevensen-pioneers.de\/index.php?rest_route=\/wp\/v2\/users\/1"}],"replies":[{"embeddable":true,"href":"https:\/\/hevensen-pioneers.de\/index.php?rest_route=%2Fwp%2Fv2%2Fcomments&post=416"}],"version-history":[{"count":2,"href":"https:\/\/hevensen-pioneers.de\/index.php?rest_route=\/wp\/v2\/pages\/416\/revisions"}],"predecessor-version":[{"id":418,"href":"https:\/\/hevensen-pioneers.de\/index.php?rest_route=\/wp\/v2\/pages\/416\/revisions\/418"}],"wp:attachment":[{"href":"https:\/\/hevensen-pioneers.de\/index.php?rest_route=%2Fwp%2Fv2%2Fmedia&parent=416"}],"curies":[{"name":"wp","href":"https:\/\/api.w.org\/{rel}","templated":true}]}}