{"id":357,"date":"2024-05-05T09:04:03","date_gmt":"2024-05-05T09:04:03","guid":{"rendered":"https:\/\/hevensen-pioneers.de\/?page_id=357"},"modified":"2024-05-05T09:48:44","modified_gmt":"2024-05-05T09:48:44","slug":"maik-lehmann-25-jahre-aktiv-bei-den-pioneers","status":"publish","type":"page","link":"https:\/\/hevensen-pioneers.de\/?page_id=357","title":{"rendered":"Maik Lehmann 25 Jahre aktiv bei den Pioneers"},"content":{"rendered":"<p><span style=\"font-size: 12pt;\"><span style=\"font-family: verdana, geneva, sans-serif;\">Im Mittelpunkt der 33. Jahreshauptversammlung des BSV Hevensen 1990 e. V. am Freitag (05.04.) stand neben den Jahresberichten auch Ehrungen. Maik Lehmann ist in diesem Jahr 25 Jahre aktiv bei den Pioneers dabei. Einst als Spieler und aktuell als Trainer. Der Vorstand gab einen Sachstandsbericht f\u00fcr die vereinseigenen Spielfelder ab. Die Spielfelder befinden sich \u2013 nachdem sie erst im Jahr 2020 mit Eigenmitteln aufw\u00e4ndig saniert wurde \u2013 erneut in einem schlechten Zustand.\u00a0 Positiv konnte \u00fcber die Finanzen und \u00fcber die Mitgliederentwicklung berichtet werden.<\/span><\/span><\/p>\n<p><a href=\"https:\/\/hevensen-pioneers.de\/wp-content\/uploads\/2024\/05\/Foto-Ehrung-M-Lehmann.jpg\" rel=\"lightbox[357]\"><img loading=\"lazy\" decoding=\"async\" class=\"alignnone wp-image-358 size-mh-magazine-lite-content\" src=\"https:\/\/hevensen-pioneers.de\/wp-content\/uploads\/2024\/05\/Foto-Ehrung-M-Lehmann-678x381.jpg\" alt=\"\" width=\"678\" height=\"381\" \/><\/a><\/p>\n<p><span style=\"font-size: 12pt;\"><span style=\"font-family: verdana, geneva, sans-serif;\">Die Jahresr\u00fcckblicke fielen \u00fcberwiegend positiv aus. Torsten Henne gab seine Jahresberichte als Vorsitzender ab. Dieser hatte in erster Linie Organisatorisches zum Inhalt. Auch \u00fcber die erfolgreiche Organisation und Durchf\u00fchrung des 30. Sommerturniers berichtete Henne. Der Vorsitzende dankte den Mitgliedern und den befreundeten Vereinen sowie den Sponsoren f\u00fcr die Unterst\u00fctzung. Negativ zu berichten war, dass auch 2023 kein Team am Ligabetrieb teilnahm. Auch beim Nachwuchs ist man nicht vorangekommen.\u00a0<\/span>\u00a0<\/span><\/p>\n<p><span style=\"font-family: verdana, geneva, sans-serif; font-size: 14pt;\"><strong>Entwicklung im Mixed Softball weiterhin positiv<\/strong><\/span><\/p>\n<p><span style=\"font-family: verdana, geneva, sans-serif; font-size: 12pt;\">\u00dcber die anhaltende positive Entwicklung des Mixed Softballteams berichtete Stephanie Schneider. Das Team besteht aus knapp 20 Spielerinnen und Spielern. Das Team trainierte die gesamte Saison regelm\u00e4\u00dfig. Das Mixed-Team nahm an Turnieren teil und absolvierte einige Freundschaftsspiele. Beim eigenen Turnier im Juli konnte der Vorjahreserfolg (Platz 4) nicht erreicht werden. \u00a0F\u00fcrs Training ist weiterhin Maik Lehmann verantwortlich. Das Softballteam beteiligt sich engagiert am Vereinsleben berichtete Stephanie Schneider weiter. F\u00fcr das laufende Jahr sollen wieder Freundschaftsspiele vereinbart werden. Au\u00dferdem sind Turnierteilnahmen geplant.<\/span><\/p>\n<p><span style=\"font-family: verdana, geneva, sans-serif; font-size: 14pt;\"><strong>Solide Finanzen<\/strong><\/span><\/p>\n<p><span style=\"font-family: verdana, geneva, sans-serif; font-size: 12pt;\">Schatzmeisterin Stephanie Schneider erl\u00e4uterte die Kassenlage des Vereins. Sie stellte die Kassenbericht 2023 umfassend vor. Der BSV steht finanziell weiterhin auf gesunden F\u00fc\u00dfen. Dieses Geld ben\u00f6tigt man dringend, um die Platzsanierung angehen zu k\u00f6nnen. Diesmal wird man mit mehr Vorlauf auch F\u00f6rdergelder einwerben.<\/span><\/p>\n<p><strong><span style=\"font-family: verdana, geneva, sans-serif; font-size: 14pt;\">25 Jahre im Verein<\/span><\/strong><\/p>\n<p><span style=\"font-family: verdana, geneva, sans-serif; font-size: 12pt;\">In diesem Jahr standen wieder Ehrungen an. 25 Jahre Mitglied im Verein sind Henning Ropeter, Christian Deppe und Maik Lehmann. Letzterer kann sogar auf 25 Jahre als Aktiver zur\u00fcckblicken. Torsten Henne dankte Maik Lehmann f\u00fcr sein Engagement und \u00fcberreichte Urkunde, die Vereinsnadel und ein Teamcap. Die Ehrungen von Henning Ropeter und Christian Deppe werden nachgeholt da beide nicht anwesend sein konnten.<\/span><\/p>\n<p><span style=\"font-family: verdana, geneva, sans-serif; font-size: 14pt;\"><strong>Sorgenkind: Spielfelder<\/strong><\/span><\/p>\n<p><span style=\"font-family: verdana, geneva, sans-serif;\">Der Verein betreibt seit 2004 seine eigene Sportanlage. Auf 10.000 qm befinden sich zwei Spielfelder. Der \u00fcberwiegende Teil besteht aus Rasen. Dieser befindet sich nach einer aufw\u00e4ndigen Sanierung im Jahr 2020 erneut in einem schlechten Zustand. W\u00fchlm\u00e4use, Maulw\u00fcrfe und seit neuestem auch Kr\u00e4hen haben hier \u201eganze Arbeit\u201c geleistet. Aktuell steht man erneut vor einer Sanierung. Was diese am Ende kosten wird, steht noch nicht fest. In diesem Jahr wird man versuchen, mit Bordmitteln das Beste herauszuholen.<\/span><\/p>\n<p><span style=\"font-family: verdana, geneva, sans-serif; font-size: 14pt;\"><strong>Summerfun Turnier wieder mit 10 Teams<\/strong><\/span><\/p>\n<p><span style=\"font-family: verdana, geneva, sans-serif; font-size: 12pt;\">Das traditionelle Sommerturnier (Summerfun) findet in diesem Jahr vom 02. \u2013 04. August statt. Zehn Teams aus dem gesamten Bundesgebiet u. a. aus Hamburg, Frankfurt und Soest, werden dabei sein. Am 04.08. findet wieder eine \u00dc30-Open-Air-Party mit dem DJ Team \u201eJP &amp; dasdensch\u201c statt. Die Spiele finden ab Samstag ab 9:00 Uhr statt. Weiter geht\u2019s am Sonntag mit der Finalrunde.<\/span><\/p>\n","protected":false},"excerpt":{"rendered":"<div class=\"mh-excerpt\"><p>Im Mittelpunkt der 33. Jahreshauptversammlung des BSV Hevensen 1990 e. V. am Freitag (05.04.) stand <a class=\"mh-excerpt-more\" href=\"https:\/\/hevensen-pioneers.de\/?page_id=357\" title=\"Maik Lehmann 25 Jahre aktiv bei den Pioneers\">[&#8230;]<\/a><\/p>\n<\/div>","protected":false},"author":1,"featured_media":0,"parent":0,"menu_order":0,"comment_status":"closed","ping_status":"closed","template":"","meta":{"footnotes":""},"class_list":["post-357","page","type-page","status-publish","hentry"],"_links":{"self":[{"href":"https:\/\/hevensen-pioneers.de\/index.php?rest_route=\/wp\/v2\/pages\/357","targetHints":{"allow":["GET"]}}],"collection":[{"href":"https:\/\/hevensen-pioneers.de\/index.php?rest_route=\/wp\/v2\/pages"}],"about":[{"href":"https:\/\/hevensen-pioneers.de\/index.php?rest_route=\/wp\/v2\/types\/page"}],"author":[{"embeddable":true,"href":"https:\/\/hevensen-pioneers.de\/index.php?rest_route=\/wp\/v2\/users\/1"}],"replies":[{"embeddable":true,"href":"https:\/\/hevensen-pioneers.de\/index.php?rest_route=%2Fwp%2Fv2%2Fcomments&post=357"}],"version-history":[{"count":7,"href":"https:\/\/hevensen-pioneers.de\/index.php?rest_route=\/wp\/v2\/pages\/357\/revisions"}],"predecessor-version":[{"id":372,"href":"https:\/\/hevensen-pioneers.de\/index.php?rest_route=\/wp\/v2\/pages\/357\/revisions\/372"}],"wp:attachment":[{"href":"https:\/\/hevensen-pioneers.de\/index.php?rest_route=%2Fwp%2Fv2%2Fmedia&parent=357"}],"curies":[{"name":"wp","href":"https:\/\/api.w.org\/{rel}","templated":true}]}}