{"id":308,"date":"2022-10-02T21:22:26","date_gmt":"2022-10-02T21:22:26","guid":{"rendered":"https:\/\/hevensen-pioneers.de\/?page_id=308"},"modified":"2022-10-02T21:28:07","modified_gmt":"2022-10-02T21:28:07","slug":"308-2","status":"publish","type":"page","link":"https:\/\/hevensen-pioneers.de\/?page_id=308","title":{"rendered":"\u201eSteffi\u201c Schneider f\u00fcr 25-j\u00e4hrige Mitgliedschaft geehrt"},"content":{"rendered":"<figure id=\"attachment_306\" aria-describedby=\"caption-attachment-306\" style=\"width: 900px\" class=\"wp-caption aligncenter\"><img loading=\"lazy\" decoding=\"async\" class=\"wp-image-306 size-full\" src=\"https:\/\/hevensen-pioneers.de\/wp-content\/uploads\/2022\/10\/O-Fest7.jpg\" alt=\"\" width=\"900\" height=\"600\" srcset=\"https:\/\/hevensen-pioneers.de\/wp-content\/uploads\/2022\/10\/O-Fest7.jpg 900w, https:\/\/hevensen-pioneers.de\/wp-content\/uploads\/2022\/10\/O-Fest7-300x200.jpg 300w, https:\/\/hevensen-pioneers.de\/wp-content\/uploads\/2022\/10\/O-Fest7-768x512.jpg 768w\" sizes=\"auto, (max-width: 900px) 100vw, 900px\" \/><figcaption id=\"caption-attachment-306\" class=\"wp-caption-text\">25 Jahre im Verein und seit 20 Jahren als Schatzmeisterin ganz vorn dabei: Stephanie Schneider<\/figcaption><\/figure>\n<p><span style=\"font-family: verdana, geneva, sans-serif; font-size: 12pt;\">Einlass war bereits um 14:00 Uhr. Nach kurzer Begr\u00fc\u00dfung zeigte der Nachwuchs des Musikvereins sein ganzes K\u00f6nnen. Es gab viel Beifall f\u00fcr die \u201eKleinsten\u201c. Bei Kaffee und Kuchen stimmten sich die G\u00e4ste auf die \u201eWies\u2019n\u201c ein. Gegen 16:30 Uhr begr\u00fc\u00dfte der Vorsitzende der Pioneers, Torsten Henne, die G\u00e4ste. Die Feuerwehr Wolbrechtshausen und der Musikverein gratulierten pers\u00f6nlich. Danach spielten die Wolbrechtsh\u00e4user Musikanten in gewohnter Qualit\u00e4t auf. Nach den ersten St\u00fccken wurde dann der Festbieranstich vollzogen. Symbolisch, denn der Hopfensaft aus Bayern floss nat\u00fcrlich schon zu Beginn. Wolbrechtshausens Ortsbrandmeister Thorsten Krawczak lie\u00df sich nicht zweimal bitten und schlug das Fass gekonnt an. &#8222;O&#8217;zapft is!&#8220; wurde ausgerufen. Die Antwort gaben die Musikanten mit dem \u201eProsit der Gem\u00fctlichkeit\u201c. Danach konnte es dann so richtig los gehen. Die Wolbrechtsh\u00e4user Musikanten sorgten f\u00fcr Wies\u2019n Stimmung. Gegen 18:00 Uhr standen zwei Spanferkel zum Verzehr bereit. Diese hatte Werner Thiele gemeinsam mit Thomas Arndt gekonnt zubereitet. Es bildete sich eine lange Schlange. Gest\u00e4rkt ging es dann musikalisch weiter. Es gab auch eine Ehrung f\u00fcr 25-j\u00e4hrige Mitgliedschaft. Torsten Henne \u00fcberreichte Stephanie Schneider die Ehrenadel des Vereins und einen Strau\u00df Blumen. In seiner Laudatio hob Torsten Henne nicht nur die 25-j\u00e4hrige Mitgliedschaft hervor. Er konnte dazu auch berichten, dass \u201eSteffi\u201c zu ihrer aktiven Zeit im Ligabetrieb ma\u00dfgeblich an den sportlichen Erfolgen des Damenteams beteiligt war. H\u00f6hepunkte waren die Meisterschaften 2007 und 2009. Hinzu kommt, dass Stephanie Schneider seit 20 Jahren die finanziellen Geschicke des Vereins leitet. Ihrer sparsamen und umsichtigen Kassenf\u00fchrung sei es verdanken, dass der Verein all die Jahre trotz hoher Kosten f\u00fcr den Unterhalt der Sportanlage weiterhin solide Finanzen vorweisen k\u00f6nne, sagte Henne. Stephanie Schneider dankte unter gro\u00dfem Applaus f\u00fcr die Ehrung und f\u00fcr die netten Worte.<\/span><\/p>\n<p><img loading=\"lazy\" decoding=\"async\" class=\"aligncenter wp-image-309 size-full\" src=\"https:\/\/hevensen-pioneers.de\/wp-content\/uploads\/2022\/10\/O-Fest2.jpg\" alt=\"\" width=\"900\" height=\"600\" srcset=\"https:\/\/hevensen-pioneers.de\/wp-content\/uploads\/2022\/10\/O-Fest2.jpg 900w, https:\/\/hevensen-pioneers.de\/wp-content\/uploads\/2022\/10\/O-Fest2-300x200.jpg 300w, https:\/\/hevensen-pioneers.de\/wp-content\/uploads\/2022\/10\/O-Fest2-768x512.jpg 768w\" sizes=\"auto, (max-width: 900px) 100vw, 900px\" \/><\/p>\n<p><span style=\"font-family: verdana, geneva, sans-serif; font-size: 12pt;\">Es herrschte den gesamten Abend \u00fcber eine gro\u00dfartige Atmosph\u00e4re am Gemeinschaftshaus. Der Vorstand freut sich sehr \u00fcber die trotz des wechselhaften Wetters und eher k\u00fchlen Temperaturen gro\u00dfe Resonanz und dankt allen, die am in irgendeiner Weise am Erfolg beteiligt waren. Man kann nicht viel falsch gemacht, wenn man die zahlreichen lobenden Worte der G\u00e4ste h\u00f6rte. Letztendlich ein sch\u00f6ner Abschuss des Jubil\u00e4umsjahres. Wie der Vorsitzende in seiner Begr\u00fc\u00dfung sagte, gilt es weiterhin nach vorn zu schauen. Bereits jetzt will man die Weichen stellen, um an die einst so erfolgreiche Nachwuchsarbeit ankn\u00fcpfen zu k\u00f6nnen. An dieser Stelle dankt der Verein allen, die am Erfolg des Festes ihren Anteil hatten. Ein gro\u00dfes Dankesch\u00f6n geht auch an die gro\u00dfz\u00fcgigen Sponsoren.<\/span><\/p>\n","protected":false},"excerpt":{"rendered":"<div class=\"mh-excerpt\"><p>Einlass war bereits um 14:00 Uhr. Nach kurzer Begr\u00fc\u00dfung zeigte der Nachwuchs des Musikvereins sein <a class=\"mh-excerpt-more\" href=\"https:\/\/hevensen-pioneers.de\/?page_id=308\" title=\"\u201eSteffi\u201c Schneider f\u00fcr 25-j\u00e4hrige Mitgliedschaft geehrt\">[&#8230;]<\/a><\/p>\n<\/div>","protected":false},"author":1,"featured_media":0,"parent":0,"menu_order":0,"comment_status":"closed","ping_status":"closed","template":"","meta":{"footnotes":""},"class_list":["post-308","page","type-page","status-publish","hentry"],"_links":{"self":[{"href":"https:\/\/hevensen-pioneers.de\/index.php?rest_route=\/wp\/v2\/pages\/308","targetHints":{"allow":["GET"]}}],"collection":[{"href":"https:\/\/hevensen-pioneers.de\/index.php?rest_route=\/wp\/v2\/pages"}],"about":[{"href":"https:\/\/hevensen-pioneers.de\/index.php?rest_route=\/wp\/v2\/types\/page"}],"author":[{"embeddable":true,"href":"https:\/\/hevensen-pioneers.de\/index.php?rest_route=\/wp\/v2\/users\/1"}],"replies":[{"embeddable":true,"href":"https:\/\/hevensen-pioneers.de\/index.php?rest_route=%2Fwp%2Fv2%2Fcomments&post=308"}],"version-history":[{"count":4,"href":"https:\/\/hevensen-pioneers.de\/index.php?rest_route=\/wp\/v2\/pages\/308\/revisions"}],"predecessor-version":[{"id":314,"href":"https:\/\/hevensen-pioneers.de\/index.php?rest_route=\/wp\/v2\/pages\/308\/revisions\/314"}],"wp:attachment":[{"href":"https:\/\/hevensen-pioneers.de\/index.php?rest_route=%2Fwp%2Fv2%2Fmedia&parent=308"}],"curies":[{"name":"wp","href":"https:\/\/api.w.org\/{rel}","templated":true}]}}